{"id":927,"date":"2022-01-15T21:56:26","date_gmt":"2022-01-15T21:56:26","guid":{"rendered":"https:\/\/v-spedition.de\/?page_id=927"},"modified":"2025-12-09T00:07:23","modified_gmt":"2025-12-09T00:07:23","slug":"fuhrpark","status":"publish","type":"page","link":"https:\/\/v-spedition.de\/en\/fuhrpark\/","title":{"rendered":"Der Fuhrpark"},"content":{"rendered":"<div id=\"pl-927\"  class=\"panel-layout\" ><div id=\"pg-927-0\"  class=\"panel-grid panel-has-style\" ><div class=\"siteorigin-panels-stretch panel-row-style panel-row-style-for-927-0\" style=\"padding: 200px 0; \" data-stretch-type=\"full-width-stretch\" data-overlay=\"true\" data-overlay-color=\"#000000\" ><div id=\"pgc-927-0-0\"  class=\"panel-grid-cell\" ><div id=\"panel-927-0-0-0\" class=\"so-panel widget widget_media_image panel-first-child panel-last-child\" data-index=\"0\" ><div style=\"text-align: center;\" data-title-color=\"#47425d\" data-headings-color=\"#443f3f\" data-title_alignment=\"center\" class=\"panel-widget-style panel-widget-style-for-927-0-0-0\" ><img loading=\"lazy\" decoding=\"async\" width=\"725\" height=\"128\" src=\"https:\/\/v-spedition.de\/wp-content\/uploads\/2023\/04\/PngItem_6256461-768x135.png\" class=\"image wp-image-3975  attachment-725x128 size-725x128\" alt=\"\" style=\"max-width: 100%; height: auto;\" srcset=\"https:\/\/v-spedition.de\/wp-content\/uploads\/2023\/04\/PngItem_6256461-768x135.png 768w, https:\/\/v-spedition.de\/wp-content\/uploads\/2023\/04\/PngItem_6256461-300x53.png 300w, https:\/\/v-spedition.de\/wp-content\/uploads\/2023\/04\/PngItem_6256461-1024x180.png 1024w, https:\/\/v-spedition.de\/wp-content\/uploads\/2023\/04\/PngItem_6256461-1000x176.png 1000w, https:\/\/v-spedition.de\/wp-content\/uploads\/2023\/04\/PngItem_6256461-230x40.png 230w, https:\/\/v-spedition.de\/wp-content\/uploads\/2023\/04\/PngItem_6256461-350x62.png 350w, https:\/\/v-spedition.de\/wp-content\/uploads\/2023\/04\/PngItem_6256461-480x85.png 480w, https:\/\/v-spedition.de\/wp-content\/uploads\/2023\/04\/PngItem_6256461.png 1221w\" sizes=\"auto, (max-width: 725px) 100vw, 725px\" \/><\/div><\/div><\/div><\/div><\/div><div id=\"pg-927-1\"  class=\"panel-grid panel-has-style\" ><div class=\"siteorigin-panels-stretch panel-row-style panel-row-style-for-927-1\" style=\"padding: 0px 0; \" data-stretch-type=\"full-width-stretch\" data-overlay=\"true\" data-overlay-color=\"#000000\" ><div id=\"pgc-927-1-0\"  class=\"panel-grid-cell\" ><div id=\"panel-927-1-0-0\" class=\"so-panel widget widget_sow-headline panel-first-child panel-last-child\" data-index=\"1\" ><div style=\"text-align: left;\" data-title-color=\"#47425d\" data-headings-color=\"#443f3f\" data-title_alignment=\"center\" class=\"panel-widget-style panel-widget-style-for-927-1-0-0\" ><div\n\t\t\t\n\t\t\tclass=\"so-widget-sow-headline so-widget-sow-headline-default-ec5ec0b58bef-927\"\n\t\t\t\n\t\t><div class=\"sow-headline-container\">\n\t\t\t\t\t\t\t<h2 class=\"sow-headline\">\n\t\t\t\t\t\t<b>Our Fleet<\/b>\t\t\t\t\t\t<\/h2>\n\t\t\t\t\t\t\t\t\t\t\t<div class=\"decoration\">\n\t\t\t\t\t\t<div class=\"decoration-inside\"><\/div>\n\t\t\t\t\t<\/div>\n\t\t\t\t\t\t\t\t\t\t\t<h4 class=\"sow-sub-headline translation-block\"><b>Modern, safe, reliable<\/b> - prerequisite for a satisfactory service<\/h4>\n\t\t\t\t\t\t<\/div>\n<\/div><\/div><\/div><\/div><\/div><\/div><div id=\"pg-927-2\"  class=\"panel-grid panel-has-style\" ><div class=\"siteorigin-panels-stretch panel-row-style panel-row-style-for-927-2\" style=\"padding: 100px 0; \" data-stretch-type=\"full-width-stretch\" data-overlay=\"true\" data-overlay-color=\"#000000\" ><div id=\"pgc-927-2-0\"  class=\"panel-grid-cell\" ><div id=\"panel-927-2-0-0\" class=\"so-panel widget widget_sow-headline panel-first-child panel-last-child\" data-index=\"2\" ><div class=\"so-parallax panel-widget-style panel-widget-style-for-927-2-0-0\" style=\"text-align: left;\" data-title-color=\"#47425d\" data-headings-color=\"#443f3f\" data-title_alignment=\"center\" ><img fetchpriority=\"high\" decoding=\"async\" width=\"1920\" height=\"844\" src=\"https:\/\/v-spedition.de\/wp-content\/uploads\/2022\/01\/ets2_20200902_212728_00-e1622420229152.png\" class=\"attachment-full size-full\" alt=\"\" data-siteorigin-parallax=\"true\" loading=\"eager\" srcset=\"https:\/\/v-spedition.de\/wp-content\/uploads\/2022\/01\/ets2_20200902_212728_00-e1622420229152.png 1920w, https:\/\/v-spedition.de\/wp-content\/uploads\/2022\/01\/ets2_20200902_212728_00-e1622420229152-300x132.png 300w, https:\/\/v-spedition.de\/wp-content\/uploads\/2022\/01\/ets2_20200902_212728_00-e1622420229152-1024x450.png 1024w, https:\/\/v-spedition.de\/wp-content\/uploads\/2022\/01\/ets2_20200902_212728_00-e1622420229152-768x338.png 768w, https:\/\/v-spedition.de\/wp-content\/uploads\/2022\/01\/ets2_20200902_212728_00-e1622420229152-1536x675.png 1536w, https:\/\/v-spedition.de\/wp-content\/uploads\/2022\/01\/ets2_20200902_212728_00-e1622420229152-920x404.png 920w, https:\/\/v-spedition.de\/wp-content\/uploads\/2022\/01\/ets2_20200902_212728_00-e1622420229152-230x101.png 230w, https:\/\/v-spedition.de\/wp-content\/uploads\/2022\/01\/ets2_20200902_212728_00-e1622420229152-350x154.png 350w, https:\/\/v-spedition.de\/wp-content\/uploads\/2022\/01\/ets2_20200902_212728_00-e1622420229152-480x211.png 480w\" sizes=\"(max-width: 1920px) 100vw, 1920px\" \/><div\n\t\t\t\n\t\t\tclass=\"so-widget-sow-headline so-widget-sow-headline-default-0422bb312952-927\"\n\t\t\t\n\t\t><div class=\"sow-headline-container\">\n\t\t\t\t\t\t\t<h2 class=\"sow-headline\">\n\t\t\t\t\t\t<font color=\"white\"><b>Comfort &amp; modern technology combined<\/b><\/font>\t\t\t\t\t\t<\/h2>\n\t\t\t\t\t\t\t\t\t\t\t\t<h5 class=\"sow-sub-headline\">\n\t\t\t\t\t\t<font color=\"white\"><b>Only the best for our drivers \u2013 luxury and the latest <p>driving assistance systems are not neglected here.<\/p> In this way, we create the perfect conditions for satisfied <p>employees and ultimately a perfectly coordinated<\/p> workflow.<\/b><\/font>\t\t\t\t\t\t<\/h5>\n\t\t\t\t\t\t\t\t\t\t\t<div class=\"decoration\">\n\t\t\t\t\t\t<div class=\"decoration-inside\"><\/div>\n\t\t\t\t\t<\/div>\n\t\t\t\t\t<\/div>\n<\/div><\/div><\/div><\/div><\/div><\/div><div id=\"pg-927-3\"  class=\"panel-grid panel-has-style\" ><div class=\"siteorigin-panels-stretch panel-row-style panel-row-style-for-927-3\" style=\"padding: 0px 0; \" data-stretch-type=\"full-width-stretch\" data-overlay=\"true\" data-overlay-color=\"#000000\" ><div id=\"pgc-927-3-0\"  class=\"panel-grid-cell\" ><div id=\"panel-927-3-0-0\" class=\"so-panel widget widget_sow-headline panel-first-child panel-last-child\" data-index=\"3\" ><div style=\"text-align: left;\" data-title-color=\"#47425d\" data-title_alignment=\"center\" class=\"panel-widget-style panel-widget-style-for-927-3-0-0\" ><div\n\t\t\t\n\t\t\tclass=\"so-widget-sow-headline so-widget-sow-headline-default-ec5ec0b58bef-927\"\n\t\t\t\n\t\t><div class=\"sow-headline-container\">\n\t\t\t\t\t\t\t<h2 class=\"sow-headline\">\n\t\t\t\t\t\t<b>Brand diversity<\/b>\t\t\t\t\t\t<\/h2>\n\t\t\t\t\t\t\t\t\t\t\t<div class=\"decoration\">\n\t\t\t\t\t\t<div class=\"decoration-inside\"><\/div>\n\t\t\t\t\t<\/div>\n\t\t\t\t\t\t\t\t\t\t\t<h4 class=\"sow-sub-headline translation-block\"><b>Flexibility<\/b> as a major competitive advantage<\/h4>\n\t\t\t\t\t\t<\/div>\n<\/div><\/div><\/div><\/div><\/div><\/div><div id=\"pg-927-4\"  class=\"panel-grid panel-has-style\" ><div class=\"siteorigin-panels-stretch panel-row-style panel-row-style-for-927-4\" style=\"padding: 100px 0; \" data-stretch-type=\"full-width-stretch\" data-overlay=\"true\" data-overlay-color=\"#000000\" ><div id=\"pgc-927-4-0\"  class=\"panel-grid-cell\" ><div id=\"panel-927-4-0-0\" class=\"so-panel widget widget_sow-headline panel-first-child panel-last-child\" data-index=\"4\" ><div class=\"so-parallax panel-widget-style panel-widget-style-for-927-4-0-0\" style=\"text-align: left;\" data-title-color=\"#47425d\" data-headings-color=\"#443f3f\" data-title_alignment=\"center\" ><img decoding=\"async\" width=\"2560\" height=\"1222\" src=\"https:\/\/v-spedition.de\/wp-content\/uploads\/2022\/01\/ets2_20200904_021548_00-e1622420302711.png\" class=\"attachment-full size-full\" alt=\"\" data-siteorigin-parallax=\"true\" loading=\"eager\" srcset=\"https:\/\/v-spedition.de\/wp-content\/uploads\/2022\/01\/ets2_20200904_021548_00-e1622420302711.png 2560w, https:\/\/v-spedition.de\/wp-content\/uploads\/2022\/01\/ets2_20200904_021548_00-e1622420302711-300x143.png 300w, https:\/\/v-spedition.de\/wp-content\/uploads\/2022\/01\/ets2_20200904_021548_00-e1622420302711-1024x489.png 1024w, https:\/\/v-spedition.de\/wp-content\/uploads\/2022\/01\/ets2_20200904_021548_00-e1622420302711-768x367.png 768w, https:\/\/v-spedition.de\/wp-content\/uploads\/2022\/01\/ets2_20200904_021548_00-e1622420302711-1536x733.png 1536w, https:\/\/v-spedition.de\/wp-content\/uploads\/2022\/01\/ets2_20200904_021548_00-e1622420302711-2048x978.png 2048w, https:\/\/v-spedition.de\/wp-content\/uploads\/2022\/01\/ets2_20200904_021548_00-e1622420302711-920x439.png 920w, https:\/\/v-spedition.de\/wp-content\/uploads\/2022\/01\/ets2_20200904_021548_00-e1622420302711-230x110.png 230w, https:\/\/v-spedition.de\/wp-content\/uploads\/2022\/01\/ets2_20200904_021548_00-e1622420302711-350x167.png 350w, https:\/\/v-spedition.de\/wp-content\/uploads\/2022\/01\/ets2_20200904_021548_00-e1622420302711-480x229.png 480w\" sizes=\"(max-width: 2560px) 100vw, 2560px\" \/><div\n\t\t\t\n\t\t\tclass=\"so-widget-sow-headline so-widget-sow-headline-default-ac27a2a0e76a-927\"\n\t\t\t\n\t\t><div class=\"sow-headline-container\">\n\t\t\t\t\t\t\t<h2 class=\"sow-headline\">\n\t\t\t\t\t\t<font color=\"white\"><b>Recognizability<\/b><\/font>\t\t\t\t\t\t<\/h2>\n\t\t\t\t\t\t\t\t\t\t\t\t<h5 class=\"sow-sub-headline\">\n\t\t\t\t\t\t<font color=\"white\"><b>Our fleet includes many different brands <br \/>- whether trucks or trailers. <br \/>This way we guarantee a high level of flexibility all around. <p><\/p><p>All in the RSL look, quite inconspicuous and yet familiar.<\/p><\/b><\/font>\t\t\t\t\t\t<\/h5>\n\t\t\t\t\t\t\t\t\t\t\t<div class=\"decoration\">\n\t\t\t\t\t\t<div class=\"decoration-inside\"><\/div>\n\t\t\t\t\t<\/div>\n\t\t\t\t\t<\/div>\n<\/div><\/div><\/div><\/div><\/div><\/div><div id=\"pg-927-5\"  class=\"panel-grid panel-has-style\" ><div class=\"siteorigin-panels-stretch panel-row-style panel-row-style-for-927-5\" style=\"padding: 0px 0; \" data-stretch-type=\"full-width-stretch\" data-overlay=\"true\" data-overlay-color=\"#000000\" ><div id=\"pgc-927-5-0\"  class=\"panel-grid-cell\" ><div id=\"panel-927-5-0-0\" class=\"so-panel widget widget_sow-headline panel-first-child panel-last-child\" data-index=\"5\" ><div style=\"text-align: left;\" data-title-color=\"#47425d\" data-title_alignment=\"center\" class=\"panel-widget-style panel-widget-style-for-927-5-0-0\" ><div\n\t\t\t\n\t\t\tclass=\"so-widget-sow-headline so-widget-sow-headline-default-ec5ec0b58bef-927\"\n\t\t\t\n\t\t><div class=\"sow-headline-container\">\n\t\t\t\t\t\t\t<h2 class=\"sow-headline\">\n\t\t\t\t\t\t<b>Professional<\/b>\t\t\t\t\t\t<\/h2>\n\t\t\t\t\t\t\t\t\t\t\t<div class=\"decoration\">\n\t\t\t\t\t\t<div class=\"decoration-inside\"><\/div>\n\t\t\t\t\t<\/div>\n\t\t\t\t\t\t\t\t\t\t\t<h4 class=\"sow-sub-headline translation-block\">Working with our customers is <b>our life<\/b><\/h4>\n\t\t\t\t\t\t<\/div>\n<\/div><\/div><\/div><\/div><\/div><\/div><div id=\"pg-927-6\"  class=\"panel-grid panel-has-style\" ><div class=\"siteorigin-panels-stretch panel-row-style panel-row-style-for-927-6\" style=\"padding: 100px 0; \" data-stretch-type=\"full-width-stretch\" data-overlay=\"true\" data-overlay-color=\"#000000\" ><div id=\"pgc-927-6-0\"  class=\"panel-grid-cell\" ><div id=\"panel-927-6-0-0\" class=\"so-panel widget widget_sow-headline panel-first-child panel-last-child\" data-index=\"6\" ><div class=\"so-parallax panel-widget-style panel-widget-style-for-927-6-0-0\" style=\"text-align: left;\" data-title-color=\"#47425d\" data-headings-color=\"#443f3f\" data-title_alignment=\"center\" ><img decoding=\"async\" width=\"2560\" height=\"1190\" src=\"https:\/\/v-spedition.de\/wp-content\/uploads\/2022\/01\/ets2_20200902_211946_00-e1622420502533-1.png\" class=\"attachment-full size-full\" alt=\"\" data-siteorigin-parallax=\"true\" loading=\"eager\" srcset=\"https:\/\/v-spedition.de\/wp-content\/uploads\/2022\/01\/ets2_20200902_211946_00-e1622420502533-1.png 2560w, https:\/\/v-spedition.de\/wp-content\/uploads\/2022\/01\/ets2_20200902_211946_00-e1622420502533-1-300x139.png 300w, https:\/\/v-spedition.de\/wp-content\/uploads\/2022\/01\/ets2_20200902_211946_00-e1622420502533-1-1024x476.png 1024w, https:\/\/v-spedition.de\/wp-content\/uploads\/2022\/01\/ets2_20200902_211946_00-e1622420502533-1-768x357.png 768w, https:\/\/v-spedition.de\/wp-content\/uploads\/2022\/01\/ets2_20200902_211946_00-e1622420502533-1-1536x714.png 1536w, https:\/\/v-spedition.de\/wp-content\/uploads\/2022\/01\/ets2_20200902_211946_00-e1622420502533-1-2048x952.png 2048w, https:\/\/v-spedition.de\/wp-content\/uploads\/2022\/01\/ets2_20200902_211946_00-e1622420502533-1-920x428.png 920w, https:\/\/v-spedition.de\/wp-content\/uploads\/2022\/01\/ets2_20200902_211946_00-e1622420502533-1-230x107.png 230w, https:\/\/v-spedition.de\/wp-content\/uploads\/2022\/01\/ets2_20200902_211946_00-e1622420502533-1-350x163.png 350w, https:\/\/v-spedition.de\/wp-content\/uploads\/2022\/01\/ets2_20200902_211946_00-e1622420502533-1-480x223.png 480w\" sizes=\"(max-width: 2560px) 100vw, 2560px\" \/><div\n\t\t\t\n\t\t\tclass=\"so-widget-sow-headline so-widget-sow-headline-default-0422bb312952-927\"\n\t\t\t\n\t\t><div class=\"sow-headline-container\">\n\t\t\t\t\t\t\t<h2 class=\"sow-headline\">\n\t\t\t\t\t\t<font color=\"white\"><b>Matching design<\/b><\/font>\t\t\t\t\t\t<\/h2>\n\t\t\t\t\t\t\t\t\t\t\t\t<h5 class=\"sow-sub-headline\">\n\t\t\t\t\t\t<font color=\"white\"><b>Recognizability requires a <br \/>suitable design \u2013 we discovered this quite early in the <br \/>company\u2019s history. <p><\/p><p>Blue - easily recognizable - is our <br \/>company color; matching transitions and <br \/>accents ensure a successful <br \/>complement to our various paint finishes.<\/p><\/b><\/font>\t\t\t\t\t\t<\/h5>\n\t\t\t\t\t\t\t\t\t\t\t<div class=\"decoration\">\n\t\t\t\t\t\t<div class=\"decoration-inside\"><\/div>\n\t\t\t\t\t<\/div>\n\t\t\t\t\t<\/div>\n<\/div><\/div><\/div><\/div><\/div><\/div><div id=\"pg-927-7\"  class=\"panel-grid panel-has-style\" ><div class=\"siteorigin-panels-stretch panel-row-style panel-row-style-for-927-7\" style=\"padding: 0px 0; \" data-stretch-type=\"full-width-stretch\" data-overlay=\"true\" data-overlay-color=\"#000000\" ><div id=\"pgc-927-7-0\"  class=\"panel-grid-cell\" ><div id=\"panel-927-7-0-0\" class=\"so-panel widget widget_sow-headline panel-first-child panel-last-child\" data-index=\"7\" ><div style=\"text-align: left;\" data-title-color=\"#47425d\" data-title_alignment=\"center\" class=\"panel-widget-style panel-widget-style-for-927-7-0-0\" ><div\n\t\t\t\n\t\t\tclass=\"so-widget-sow-headline so-widget-sow-headline-default-ec5ec0b58bef-927\"\n\t\t\t\n\t\t><div class=\"sow-headline-container\">\n\t\t\t\t\t\t\t<h2 class=\"sow-headline\">\n\t\t\t\t\t\t<b>Strong partnerships<\/b>\t\t\t\t\t\t<\/h2>\n\t\t\t\t\t\t\t\t\t\t\t<div class=\"decoration\">\n\t\t\t\t\t\t<div class=\"decoration-inside\"><\/div>\n\t\t\t\t\t<\/div>\n\t\t\t\t\t\t\t\t\t\t\t<h4 class=\"sow-sub-headline translation-block\"><b>Together<\/b> around the world<\/h4>\n\t\t\t\t\t\t<\/div>\n<\/div><\/div><\/div><\/div><\/div><\/div><div id=\"pg-927-8\"  class=\"panel-grid panel-has-style\" ><div class=\"siteorigin-panels-stretch panel-row-style panel-row-style-for-927-8\" style=\"padding: 0px 0; \" data-stretch-type=\"full-width-stretch\" data-overlay=\"true\" data-overlay-color=\"#000000\" ><div id=\"pgc-927-8-0\"  class=\"panel-grid-cell\" ><div id=\"panel-927-8-0-0\" class=\"so-panel widget widget_sow-headline panel-first-child panel-last-child\" data-index=\"8\" ><div class=\"so-parallax panel-widget-style panel-widget-style-for-927-8-0-0\" style=\"text-align: left;\" data-title-color=\"#47425d\" data-headings-color=\"#443f3f\" data-title_alignment=\"center\" ><img decoding=\"async\" width=\"1920\" height=\"875\" src=\"https:\/\/v-spedition.de\/wp-content\/uploads\/2023\/10\/HPF.png\" class=\"attachment-full size-full\" alt=\"\" data-siteorigin-parallax=\"true\" loading=\"eager\" srcset=\"https:\/\/v-spedition.de\/wp-content\/uploads\/2023\/10\/HPF.png 1920w, https:\/\/v-spedition.de\/wp-content\/uploads\/2023\/10\/HPF-300x137.png 300w, https:\/\/v-spedition.de\/wp-content\/uploads\/2023\/10\/HPF-1024x467.png 1024w, https:\/\/v-spedition.de\/wp-content\/uploads\/2023\/10\/HPF-768x350.png 768w, https:\/\/v-spedition.de\/wp-content\/uploads\/2023\/10\/HPF-1536x700.png 1536w, https:\/\/v-spedition.de\/wp-content\/uploads\/2023\/10\/HPF-1000x456.png 1000w, https:\/\/v-spedition.de\/wp-content\/uploads\/2023\/10\/HPF-230x105.png 230w, https:\/\/v-spedition.de\/wp-content\/uploads\/2023\/10\/HPF-350x160.png 350w, https:\/\/v-spedition.de\/wp-content\/uploads\/2023\/10\/HPF-480x219.png 480w\" sizes=\"(max-width: 1920px) 100vw, 1920px\" \/><div\n\t\t\t\n\t\t\tclass=\"so-widget-sow-headline so-widget-sow-headline-default-6f036459af60-927\"\n\t\t\t\n\t\t><div class=\"sow-headline-container\">\n\t\t\t\t\t\t\t<h2 class=\"sow-headline\">\n\t\t\t\t\t\t<font color=\"white\"><b>RSL &amp; Partner<\/b><\/font>\t\t\t\t\t\t<\/h2>\n\t\t\t\t\t\t\t\t\t\t\t\t<h5 class=\"sow-sub-headline\">\n\t\t\t\t\t\t<font color=\"white\"><b>RSL &amp; Partner - a long-standing history. <br \/>Finding the right partners is extremely difficult - <br \/>we have to think carefully about this step.  <p><\/p><p>With FoxLog-Group, At The Mile Logistics,<br \/> Ghost Express, United Convoys and simulator1 <br \/>we made 100% the <br \/>right decisions.<\/p><\/b><\/font>\t\t\t\t\t\t<\/h5>\n\t\t\t\t\t\t\t\t\t\t\t<div class=\"decoration\">\n\t\t\t\t\t\t<div class=\"decoration-inside\"><\/div>\n\t\t\t\t\t<\/div>\n\t\t\t\t\t<\/div>\n<\/div><\/div><\/div><\/div><\/div><\/div><\/div>","protected":false},"excerpt":{"rendered":"<p>Unser Fuhrpark Modern, sicher, zuverl\u00e4ssig &#8211; Voraussetzung f\u00fcr einen zufriedenstellenden Service Komfort &amp; modernste Technik vereint Nur das Beste f\u00fcr unsere Fahrer [&hellip;]<\/p>\n","protected":false},"author":1,"featured_media":6565,"parent":0,"menu_order":0,"comment_status":"closed","ping_status":"closed","template":"page-templates\/page_single-header-wide.php","meta":{"footnotes":""},"class_list":["post-927","page","type-page","status-publish","has-post-thumbnail","hentry"],"_links":{"self":[{"href":"https:\/\/v-spedition.de\/en\/wp-json\/wp\/v2\/pages\/927","targetHints":{"allow":["GET"]}}],"collection":[{"href":"https:\/\/v-spedition.de\/en\/wp-json\/wp\/v2\/pages"}],"about":[{"href":"https:\/\/v-spedition.de\/en\/wp-json\/wp\/v2\/types\/page"}],"author":[{"embeddable":true,"href":"https:\/\/v-spedition.de\/en\/wp-json\/wp\/v2\/users\/1"}],"replies":[{"embeddable":true,"href":"https:\/\/v-spedition.de\/en\/wp-json\/wp\/v2\/comments?post=927"}],"version-history":[{"count":293,"href":"https:\/\/v-spedition.de\/en\/wp-json\/wp\/v2\/pages\/927\/revisions"}],"predecessor-version":[{"id":9068,"href":"https:\/\/v-spedition.de\/en\/wp-json\/wp\/v2\/pages\/927\/revisions\/9068"}],"wp:featuredmedia":[{"embeddable":true,"href":"https:\/\/v-spedition.de\/en\/wp-json\/wp\/v2\/media\/6565"}],"wp:attachment":[{"href":"https:\/\/v-spedition.de\/en\/wp-json\/wp\/v2\/media?parent=927"}],"curies":[{"name":"wp","href":"https:\/\/api.w.org\/{rel}","templated":true}]}}